{"id":140,"date":"2023-08-23T18:17:13","date_gmt":"2023-08-23T16:17:13","guid":{"rendered":"https:\/\/emporiodelvino.pe\/?page_id=140"},"modified":"2023-08-27T03:39:11","modified_gmt":"2023-08-27T01:39:11","slug":"marcas","status":"publish","type":"page","link":"https:\/\/emporiodelvino.pe\/?page_id=140","title":{"rendered":"Marcas"},"content":{"rendered":"\t\t<div data-elementor-type=\"wp-page\" data-elementor-id=\"140\" class=\"elementor elementor-140\" data-elementor-post-type=\"page\">\n\t\t\t\t\t\t<section class=\"elementor-section elementor-top-section elementor-element elementor-element-1954e014 elementor-section-height-min-height elementor-section-boxed elementor-section-height-default elementor-section-items-middle\" data-id=\"1954e014\" data-element_type=\"section\" data-settings=\"{&quot;background_background&quot;:&quot;gradient&quot;}\">\n\t\t\t\t\t\t\t<div class=\"elementor-background-overlay\"><\/div>\n\t\t\t\t\t\t\t<div class=\"elementor-container elementor-column-gap-default\">\n\t\t\t\t\t<div class=\"elementor-column elementor-col-100 elementor-top-column elementor-element elementor-element-19862549\" data-id=\"19862549\" data-element_type=\"column\">\n\t\t\t<div class=\"elementor-widget-wrap elementor-element-populated\">\n\t\t\t\t\t\t<div class=\"elementor-element elementor-element-6d271286 elementor-invisible elementor-widget elementor-widget-icon-box\" data-id=\"6d271286\" data-element_type=\"widget\" data-settings=\"{&quot;_animation&quot;:&quot;fadeInUp&quot;}\" data-widget_type=\"icon-box.default\">\n\t\t\t\t<div class=\"elementor-widget-container\">\n\t\t\t\t\t\t\t<div class=\"elementor-icon-box-wrapper\">\n\n\t\t\t\n\t\t\t\t\t\t<div class=\"elementor-icon-box-content\">\n\n\t\t\t\t\t\t\t\t\t<h1 class=\"elementor-icon-box-title\">\n\t\t\t\t\t\t<span  >\n\t\t\t\t\t\t\tNuestras Marcas\t\t\t\t\t\t<\/span>\n\t\t\t\t\t<\/h1>\n\t\t\t\t\n\t\t\t\t\t\t\t\t\t<p class=\"elementor-icon-box-description\">\n\t\t\t\t\t\t\u00danase  y descubra nuestros vinos exclusivos.\t\t\t\t\t<\/p>\n\t\t\t\t\n\t\t\t<\/div>\n\t\t\t\n\t\t<\/div>\n\t\t\t\t\t\t<\/div>\n\t\t\t\t<\/div>\n\t\t\t\t\t<\/div>\n\t\t<\/div>\n\t\t\t\t\t<\/div>\n\t\t<\/section>\n\t\t\t\t<section class=\"elementor-section elementor-top-section elementor-element elementor-element-40d99d8 elementor-section-boxed elementor-section-height-default elementor-section-height-default\" data-id=\"40d99d8\" data-element_type=\"section\">\n\t\t\t\t\t\t<div class=\"elementor-container elementor-column-gap-default\">\n\t\t\t\t\t<div class=\"elementor-column elementor-col-100 elementor-top-column elementor-element elementor-element-4dee2c61\" data-id=\"4dee2c61\" data-element_type=\"column\">\n\t\t\t<div class=\"elementor-widget-wrap elementor-element-populated\">\n\t\t\t\t\t\t\t<\/div>\n\t\t<\/div>\n\t\t\t\t\t<\/div>\n\t\t<\/section>\n\t\t\t\t<section class=\"elementor-section elementor-top-section elementor-element elementor-element-d3b7679 elementor-section-boxed elementor-section-height-default elementor-section-height-default\" data-id=\"d3b7679\" data-element_type=\"section\">\n\t\t\t\t\t\t<div class=\"elementor-container elementor-column-gap-default\">\n\t\t\t\t\t<div class=\"elementor-column elementor-col-33 elementor-top-column elementor-element elementor-element-3ea1e3f\" data-id=\"3ea1e3f\" data-element_type=\"column\">\n\t\t\t<div class=\"elementor-widget-wrap elementor-element-populated\">\n\t\t\t\t\t\t<div class=\"elementor-element elementor-element-720c44e elementor-position-top elementor-widget elementor-widget-image-box\" data-id=\"720c44e\" data-element_type=\"widget\" data-widget_type=\"image-box.default\">\n\t\t\t\t<div class=\"elementor-widget-container\">\n\t\t\t\t\t<div class=\"elementor-image-box-wrapper\"><figure class=\"elementor-image-box-img\"><img fetchpriority=\"high\" decoding=\"async\" width=\"350\" height=\"210\" src=\"https:\/\/emporiodelvino.pe\/wp-content\/uploads\/2023\/08\/riondo.jpg\" class=\"attachment-full size-full wp-image-259\" alt=\"\" srcset=\"https:\/\/emporiodelvino.pe\/wp-content\/uploads\/2023\/08\/riondo.jpg 350w, https:\/\/emporiodelvino.pe\/wp-content\/uploads\/2023\/08\/riondo-300x180.jpg 300w\" sizes=\"(max-width: 350px) 100vw, 350px\" \/><\/figure><div class=\"elementor-image-box-content\"><p class=\"elementor-image-box-description\">Riondo es una hist\u00f3rica marca italiana que recuerda el nombre de la bodega productora, Cantine Riondo, un homenaje al Monte Riondo, una bonita colina a los pies de la cual se levanta la bodega.\nLa l\u00ednea Riondo ofrece DOC y vinos varietales del V\u00e9neto, elegantes y con buen cuerpo, incluidos los espumosos del m\u00e9todo Charmat como el Prosecco, todos los vinos que combinan con gran armon\u00eda con la cocina tradicional italiana, as\u00ed como con la cocina internacional.<\/p><\/div><\/div>\t\t\t\t<\/div>\n\t\t\t\t<\/div>\n\t\t\t\t\t<\/div>\n\t\t<\/div>\n\t\t\t\t<div class=\"elementor-column elementor-col-33 elementor-top-column elementor-element elementor-element-38489e7\" data-id=\"38489e7\" data-element_type=\"column\">\n\t\t\t<div class=\"elementor-widget-wrap elementor-element-populated\">\n\t\t\t\t\t\t<div class=\"elementor-element elementor-element-0bd0a25 elementor-position-top elementor-widget elementor-widget-image-box\" data-id=\"0bd0a25\" data-element_type=\"widget\" data-widget_type=\"image-box.default\">\n\t\t\t\t<div class=\"elementor-widget-container\">\n\t\t\t\t\t<div class=\"elementor-image-box-wrapper\"><figure class=\"elementor-image-box-img\"><img decoding=\"async\" width=\"350\" height=\"210\" src=\"https:\/\/emporiodelvino.pe\/wp-content\/uploads\/2023\/08\/santero.jpg\" class=\"attachment-full size-full wp-image-260\" alt=\"\" srcset=\"https:\/\/emporiodelvino.pe\/wp-content\/uploads\/2023\/08\/santero.jpg 350w, https:\/\/emporiodelvino.pe\/wp-content\/uploads\/2023\/08\/santero-300x180.jpg 300w\" sizes=\"(max-width: 350px) 100vw, 350px\" \/><\/figure><div class=\"elementor-image-box-content\"><p class=\"elementor-image-box-description\">Fundada a principios de 1958 y consolidado por los hermanos Santero, Leopoldo, Renzo, Aldo y Adelio. Situado en el coraz\u00f3n de una regi\u00f3n vin\u00edcola, inmerso en las esplendidas colinas de Monferrato. Una historia que se extiende por medio siglo, marcada por la pasi\u00f3n por el vi\u00f1edo, la gesti\u00f3n experta de la bodega y el amor por el vino y el vino espumoso.<\/p><\/div><\/div>\t\t\t\t<\/div>\n\t\t\t\t<\/div>\n\t\t\t\t\t<\/div>\n\t\t<\/div>\n\t\t\t\t<div class=\"elementor-column elementor-col-33 elementor-top-column elementor-element elementor-element-49df9b9\" data-id=\"49df9b9\" data-element_type=\"column\">\n\t\t\t<div class=\"elementor-widget-wrap elementor-element-populated\">\n\t\t\t\t\t\t<div class=\"elementor-element elementor-element-4b200c5 elementor-position-top elementor-widget elementor-widget-image-box\" data-id=\"4b200c5\" data-element_type=\"widget\" data-widget_type=\"image-box.default\">\n\t\t\t\t<div class=\"elementor-widget-container\">\n\t\t\t\t\t<div class=\"elementor-image-box-wrapper\"><figure class=\"elementor-image-box-img\"><img decoding=\"async\" width=\"350\" height=\"210\" src=\"https:\/\/emporiodelvino.pe\/wp-content\/uploads\/2023\/08\/dile.jpg\" class=\"attachment-full size-full wp-image-258\" alt=\"\" srcset=\"https:\/\/emporiodelvino.pe\/wp-content\/uploads\/2023\/08\/dile.jpg 350w, https:\/\/emporiodelvino.pe\/wp-content\/uploads\/2023\/08\/dile-300x180.jpg 300w\" sizes=\"(max-width: 350px) 100vw, 350px\" \/><\/figure><div class=\"elementor-image-box-content\"><p class=\"elementor-image-box-description\">Fundada a principios de 1958 y consolidado por los hermanos Santero, Leopoldo, Renzo, Aldo y Adelio. Situado en el coraz\u00f3n de una regi\u00f3n vin\u00edcola, inmerso en las esplendidas colinas de Monferrato. Una historia que se extiende por medio siglo, marcada por la pasi\u00f3n por el vi\u00f1edo, la gesti\u00f3n experta de la bodega y el amor por el vino y el vino espumoso.<\/p><\/div><\/div>\t\t\t\t<\/div>\n\t\t\t\t<\/div>\n\t\t\t\t\t<\/div>\n\t\t<\/div>\n\t\t\t\t\t<\/div>\n\t\t<\/section>\n\t\t\t\t<section class=\"elementor-section elementor-top-section elementor-element elementor-element-8abe476 elementor-section-boxed elementor-section-height-default elementor-section-height-default\" data-id=\"8abe476\" data-element_type=\"section\">\n\t\t\t\t\t\t<div class=\"elementor-container elementor-column-gap-default\">\n\t\t\t\t\t<div class=\"elementor-column elementor-col-33 elementor-top-column elementor-element elementor-element-9212ab9\" data-id=\"9212ab9\" data-element_type=\"column\">\n\t\t\t<div class=\"elementor-widget-wrap elementor-element-populated\">\n\t\t\t\t\t\t<div class=\"elementor-element elementor-element-25121c7 elementor-position-top elementor-widget elementor-widget-image-box\" data-id=\"25121c7\" data-element_type=\"widget\" data-widget_type=\"image-box.default\">\n\t\t\t\t<div class=\"elementor-widget-container\">\n\t\t\t\t\t<div class=\"elementor-image-box-wrapper\"><figure class=\"elementor-image-box-img\"><img loading=\"lazy\" decoding=\"async\" width=\"350\" height=\"210\" src=\"https:\/\/emporiodelvino.pe\/wp-content\/uploads\/2023\/08\/oroverde.jpg\" class=\"attachment-full size-full wp-image-261\" alt=\"\" srcset=\"https:\/\/emporiodelvino.pe\/wp-content\/uploads\/2023\/08\/oroverde.jpg 350w, https:\/\/emporiodelvino.pe\/wp-content\/uploads\/2023\/08\/oroverde-300x180.jpg 300w\" sizes=\"(max-width: 350px) 100vw, 350px\" \/><\/figure><\/div>\t\t\t\t<\/div>\n\t\t\t\t<\/div>\n\t\t\t\t\t<\/div>\n\t\t<\/div>\n\t\t\t\t<div class=\"elementor-column elementor-col-33 elementor-top-column elementor-element elementor-element-b8f7102\" data-id=\"b8f7102\" data-element_type=\"column\">\n\t\t\t<div class=\"elementor-widget-wrap elementor-element-populated\">\n\t\t\t\t\t\t<div class=\"elementor-element elementor-element-dc2bab2 elementor-position-top elementor-widget elementor-widget-image-box\" data-id=\"dc2bab2\" data-element_type=\"widget\" data-widget_type=\"image-box.default\">\n\t\t\t\t<div class=\"elementor-widget-container\">\n\t\t\t\t\t<div class=\"elementor-image-box-wrapper\"><figure class=\"elementor-image-box-img\"><img loading=\"lazy\" decoding=\"async\" width=\"350\" height=\"210\" src=\"https:\/\/emporiodelvino.pe\/wp-content\/uploads\/2023\/08\/mauro.jpg\" class=\"attachment-full size-full wp-image-262\" alt=\"\" srcset=\"https:\/\/emporiodelvino.pe\/wp-content\/uploads\/2023\/08\/mauro.jpg 350w, https:\/\/emporiodelvino.pe\/wp-content\/uploads\/2023\/08\/mauro-300x180.jpg 300w\" sizes=\"(max-width: 350px) 100vw, 350px\" \/><\/figure><div class=\"elementor-image-box-content\"><p class=\"elementor-image-box-description\">Fundada en 1895 en Roddino d\u00b4Alba de Vittorio Emanuele Mauro, desde 1924 VINOS MAURO con sede en Dronero, con el inicio de las actividades de Osvaldo Mauro (nacido en 1907), vino con sus hermanos de Roddino d\u00b4Alba. Ya el padre Vittorio Emanuele y el abuelo Giuseppe trabajan en el sector vendiendo vino tambi\u00e9n en Argentina, donde Vittorio Emanuele hab\u00eda emigrado. <\/p><\/div><\/div>\t\t\t\t<\/div>\n\t\t\t\t<\/div>\n\t\t\t\t\t<\/div>\n\t\t<\/div>\n\t\t\t\t<div class=\"elementor-column elementor-col-33 elementor-top-column elementor-element elementor-element-de128d7\" data-id=\"de128d7\" data-element_type=\"column\">\n\t\t\t<div class=\"elementor-widget-wrap elementor-element-populated\">\n\t\t\t\t\t\t<div class=\"elementor-element elementor-element-3067126 elementor-position-top elementor-widget elementor-widget-image-box\" data-id=\"3067126\" data-element_type=\"widget\" data-widget_type=\"image-box.default\">\n\t\t\t\t<div class=\"elementor-widget-container\">\n\t\t\t\t\t<div class=\"elementor-image-box-wrapper\"><figure class=\"elementor-image-box-img\"><img loading=\"lazy\" decoding=\"async\" width=\"350\" height=\"210\" src=\"https:\/\/emporiodelvino.pe\/wp-content\/uploads\/2023\/08\/caseta.jpg\" class=\"attachment-full size-full wp-image-263\" alt=\"\" srcset=\"https:\/\/emporiodelvino.pe\/wp-content\/uploads\/2023\/08\/caseta.jpg 350w, https:\/\/emporiodelvino.pe\/wp-content\/uploads\/2023\/08\/caseta-300x180.jpg 300w\" sizes=\"(max-width: 350px) 100vw, 350px\" \/><\/figure><div class=\"elementor-image-box-content\"><p class=\"elementor-image-box-description\">Nuestra bodega se encuentra en Vezza d\u00b4Alba, en el coraz\u00f3n del \u00e1rea de Roero, una regi\u00f3n con la mejor historioa vinicola donde siempre se han producido exelentes vinos tintos y blancos.\nLa familia Casetta vive aqu\u00ed desde 1725. La viticultura y la elaboraci\u00f3n de vino son tradiciones de familiares milenarias. Para el prensado de uvas blancas, utilizamos prensas neum\u00e1ticas con fuelles centrales, que funcionan a bajas presiones, para aplastar delicadamente las bayas.<\/p><\/div><\/div>\t\t\t\t<\/div>\n\t\t\t\t<\/div>\n\t\t\t\t\t<\/div>\n\t\t<\/div>\n\t\t\t\t\t<\/div>\n\t\t<\/section>\n\t\t\t\t<section class=\"elementor-section elementor-top-section elementor-element elementor-element-3c58236 elementor-section-boxed elementor-section-height-default elementor-section-height-default\" data-id=\"3c58236\" data-element_type=\"section\">\n\t\t\t\t\t\t<div class=\"elementor-container elementor-column-gap-default\">\n\t\t\t\t\t<div class=\"elementor-column elementor-col-100 elementor-top-column elementor-element elementor-element-21eaa2b\" data-id=\"21eaa2b\" data-element_type=\"column\">\n\t\t\t<div class=\"elementor-widget-wrap elementor-element-populated\">\n\t\t\t\t\t\t<div class=\"elementor-element elementor-element-9eb2568 elementor-widget elementor-widget-spacer\" data-id=\"9eb2568\" data-element_type=\"widget\" data-widget_type=\"spacer.default\">\n\t\t\t\t<div class=\"elementor-widget-container\">\n\t\t\t\t\t\t\t<div class=\"elementor-spacer\">\n\t\t\t<div class=\"elementor-spacer-inner\"><\/div>\n\t\t<\/div>\n\t\t\t\t\t\t<\/div>\n\t\t\t\t<\/div>\n\t\t\t\t\t<\/div>\n\t\t<\/div>\n\t\t\t\t\t<\/div>\n\t\t<\/section>\n\t\t\t\t<\/div>\n\t\t","protected":false},"excerpt":{"rendered":"<p>Nuestras Marcas \u00danase y descubra nuestros vinos exclusivos. Riondo es una hist\u00f3rica marca italiana que recuerda el nombre de la bodega productora, Cantine Riondo, un homenaje al Monte Riondo, una bonita colina a los pies de la cual se levanta la bodega. La l\u00ednea Riondo ofrece DOC y vinos varietales del V\u00e9neto, elegantes y con [&hellip;]<\/p>\n","protected":false},"author":1,"featured_media":0,"parent":0,"menu_order":0,"comment_status":"closed","ping_status":"closed","template":"elementor_header_footer","meta":{"footnotes":""},"class_list":["post-140","page","type-page","status-publish","hentry"],"_links":{"self":[{"href":"https:\/\/emporiodelvino.pe\/index.php?rest_route=\/wp\/v2\/pages\/140","targetHints":{"allow":["GET"]}}],"collection":[{"href":"https:\/\/emporiodelvino.pe\/index.php?rest_route=\/wp\/v2\/pages"}],"about":[{"href":"https:\/\/emporiodelvino.pe\/index.php?rest_route=\/wp\/v2\/types\/page"}],"author":[{"embeddable":true,"href":"https:\/\/emporiodelvino.pe\/index.php?rest_route=\/wp\/v2\/users\/1"}],"replies":[{"embeddable":true,"href":"https:\/\/emporiodelvino.pe\/index.php?rest_route=%2Fwp%2Fv2%2Fcomments&post=140"}],"version-history":[{"count":44,"href":"https:\/\/emporiodelvino.pe\/index.php?rest_route=\/wp\/v2\/pages\/140\/revisions"}],"predecessor-version":[{"id":438,"href":"https:\/\/emporiodelvino.pe\/index.php?rest_route=\/wp\/v2\/pages\/140\/revisions\/438"}],"wp:attachment":[{"href":"https:\/\/emporiodelvino.pe\/index.php?rest_route=%2Fwp%2Fv2%2Fmedia&parent=140"}],"curies":[{"name":"wp","href":"https:\/\/api.w.org\/{rel}","templated":true}]}}