{"id":3,"date":"2023-08-23T04:57:59","date_gmt":"2023-08-23T02:57:59","guid":{"rendered":"https:\/\/emporiodelvino.pe\/?page_id=3"},"modified":"2023-09-20T16:32:51","modified_gmt":"2023-09-20T21:32:51","slug":"terminos-y-condiciones","status":"publish","type":"page","link":"https:\/\/emporiodelvino.pe\/?page_id=3","title":{"rendered":"Terminos y Condiciones"},"content":{"rendered":"\t\t<div data-elementor-type=\"wp-page\" data-elementor-id=\"3\" class=\"elementor elementor-3\" data-elementor-post-type=\"page\">\n\t\t\t\t\t\t<section class=\"elementor-section elementor-top-section elementor-element elementor-element-1a8dafcf elementor-section-boxed elementor-section-height-default elementor-section-height-default\" data-id=\"1a8dafcf\" data-element_type=\"section\">\n\t\t\t\t\t\t<div class=\"elementor-container elementor-column-gap-default\">\n\t\t\t\t\t<div class=\"elementor-column elementor-col-100 elementor-top-column elementor-element elementor-element-5f6bd7a9\" data-id=\"5f6bd7a9\" data-element_type=\"column\">\n\t\t\t<div class=\"elementor-widget-wrap elementor-element-populated\">\n\t\t\t\t\t\t<div class=\"elementor-element elementor-element-1c63f267 elementor-widget elementor-widget-text-editor\" data-id=\"1c63f267\" data-element_type=\"widget\" data-widget_type=\"text-editor.default\">\n\t\t\t\t<div class=\"elementor-widget-container\">\n\t\t\t\t\t\t\t\t\t<p><strong><span style=\"color: #000000;\">\u00daltima actualizaci\u00f3n: [20 -09-2023]<\/span><\/strong><\/p><p>Bienvenido a \u00abEmporio del Vino\u00bb. Los siguientes t\u00e9rminos y condiciones rigen el uso de nuestro sitio web y los servicios que ofrecemos a trav\u00e9s de la pasarela de pagos Openpay. Al acceder y utilizar nuestro sitio web, aceptas estos t\u00e9rminos y condiciones en su totalidad. Si no est\u00e1s de acuerdo con alguno de estos t\u00e9rminos, te recomendamos que no utilices nuestros servicios.<\/p><p><span style=\"color: #000000;\"><strong>1. Servicios Ofrecidos<\/strong><\/span><\/p><p>\u00abEmporio del Vino\u00bb ofrece una plataforma en l\u00ednea para la venta de productos relacionados con el vino. Utilizamos la pasarela de pagos Openpay para procesar las transacciones de compra. Al utilizar nuestros servicios, aceptas estar sujeto a los t\u00e9rminos y condiciones de Openpay.<\/p><p><strong><span style=\"color: #000000;\">2. Uso Responsable<\/span><\/strong><\/p><p>Al utilizar nuestro sitio web y la pasarela de pagos Openpay, te comprometes a hacerlo de manera legal y \u00e9tica. No debes utilizar nuestros servicios para actividades ilegales o fraudulentas.<\/p><p><strong><span style=\"color: #000000;\">3. Registro de Cuenta<\/span><\/strong><\/p><p>Para utilizar algunos de nuestros servicios, es posible que debas registrarte y proporcionar informaci\u00f3n personal. Debes asegurarte de que la informaci\u00f3n proporcionada sea precisa y actualizada. Mant\u00e9n la confidencialidad de tus credenciales de inicio de sesi\u00f3n y notif\u00edcanos cualquier uso no autorizado de tu cuenta.<\/p><p><strong><span style=\"color: #000000;\">4. Pagos y Facturaci\u00f3n<\/span><\/strong><\/p><p>Todas las transacciones de pago se procesar\u00e1n a trav\u00e9s de Openpay. Los t\u00e9rminos y condiciones de Openpay se aplican a todas las transacciones. \u00abEmporio del Vino\u00bb no almacena ni tiene acceso a la informaci\u00f3n de tu tarjeta de cr\u00e9dito u otros datos de pago. Consulta la pol\u00edtica de privacidad y seguridad de Openpay para obtener m\u00e1s informaci\u00f3n.<\/p><p><strong><span style=\"color: #000000;\">5. Pol\u00edtica de Devoluciones y Reembolsos<\/span><\/strong><\/p><p>Nuestra pol\u00edtica de devoluciones y reembolsos se rige por los t\u00e9rminos y condiciones de Openpay, as\u00ed como por nuestras pol\u00edticas de devoluciones y reembolsos espec\u00edficas. Aseg\u00farate de revisar estas pol\u00edticas antes de realizar una compra.<\/p><p><strong><span style=\"color: #000000;\">6. Privacidad y Protecci\u00f3n de Datos<\/span><\/strong><\/p><p>La privacidad de tus datos personales es importante para nosotros. Consulta nuestra Pol\u00edtica de Privacidad para obtener informaci\u00f3n detallada sobre c\u00f3mo recopilamos, utilizamos y protegemos tus datos personales.<\/p><p><span style=\"color: #000000;\"><strong>7. Cambios en los T\u00e9rminos y Condiciones<\/strong><\/span><\/p><p>Nos reservamos el derecho de actualizar estos t\u00e9rminos y condiciones en cualquier momento. Los cambios entrar\u00e1n en vigor una vez que se publiquen en nuestro sitio web. Te recomendamos revisar peri\u00f3dicamente estos t\u00e9rminos y condiciones para estar al tanto de las actualizaciones.<\/p><p><strong><span style=\"color: #000000;\">8. Contacto<\/span><\/strong><\/p><p>Si tienes preguntas o inquietudes relacionadas con estos t\u00e9rminos y condiciones, por favor, cont\u00e1ctanos a trav\u00e9s de alex@emporiodelvino.pe<\/p>\t\t\t\t\t\t\t\t<\/div>\n\t\t\t\t<\/div>\n\t\t\t\t\t<\/div>\n\t\t<\/div>\n\t\t\t\t\t<\/div>\n\t\t<\/section>\n\t\t\t\t<section class=\"elementor-section elementor-top-section elementor-element elementor-element-b0e5c75 elementor-section-boxed elementor-section-height-default elementor-section-height-default\" data-id=\"b0e5c75\" data-element_type=\"section\">\n\t\t\t\t\t\t<div class=\"elementor-container elementor-column-gap-default\">\n\t\t\t\t\t<div class=\"elementor-column elementor-col-100 elementor-top-column elementor-element elementor-element-7e4efe9\" data-id=\"7e4efe9\" data-element_type=\"column\">\n\t\t\t<div class=\"elementor-widget-wrap elementor-element-populated\">\n\t\t\t\t\t\t<div class=\"elementor-element elementor-element-db18cca elementor-widget elementor-widget-spacer\" data-id=\"db18cca\" data-element_type=\"widget\" data-widget_type=\"spacer.default\">\n\t\t\t\t<div class=\"elementor-widget-container\">\n\t\t\t\t\t\t\t<div class=\"elementor-spacer\">\n\t\t\t<div class=\"elementor-spacer-inner\"><\/div>\n\t\t<\/div>\n\t\t\t\t\t\t<\/div>\n\t\t\t\t<\/div>\n\t\t\t\t\t<\/div>\n\t\t<\/div>\n\t\t\t\t\t<\/div>\n\t\t<\/section>\n\t\t\t\t<\/div>\n\t\t","protected":false},"excerpt":{"rendered":"<p>\u00daltima actualizaci\u00f3n: [20 -09-2023] Bienvenido a \u00abEmporio del Vino\u00bb. Los siguientes t\u00e9rminos y condiciones rigen el uso de nuestro sitio web y los servicios que ofrecemos a trav\u00e9s de la pasarela de pagos Openpay. Al acceder y utilizar nuestro sitio web, aceptas estos t\u00e9rminos y condiciones en su totalidad. Si no est\u00e1s de acuerdo con [&hellip;]<\/p>\n","protected":false},"author":1,"featured_media":0,"parent":0,"menu_order":0,"comment_status":"closed","ping_status":"closed","template":"","meta":{"footnotes":""},"class_list":["post-3","page","type-page","status-publish","hentry"],"_links":{"self":[{"href":"https:\/\/emporiodelvino.pe\/index.php?rest_route=\/wp\/v2\/pages\/3","targetHints":{"allow":["GET"]}}],"collection":[{"href":"https:\/\/emporiodelvino.pe\/index.php?rest_route=\/wp\/v2\/pages"}],"about":[{"href":"https:\/\/emporiodelvino.pe\/index.php?rest_route=\/wp\/v2\/types\/page"}],"author":[{"embeddable":true,"href":"https:\/\/emporiodelvino.pe\/index.php?rest_route=\/wp\/v2\/users\/1"}],"replies":[{"embeddable":true,"href":"https:\/\/emporiodelvino.pe\/index.php?rest_route=%2Fwp%2Fv2%2Fcomments&post=3"}],"version-history":[{"count":19,"href":"https:\/\/emporiodelvino.pe\/index.php?rest_route=\/wp\/v2\/pages\/3\/revisions"}],"predecessor-version":[{"id":636,"href":"https:\/\/emporiodelvino.pe\/index.php?rest_route=\/wp\/v2\/pages\/3\/revisions\/636"}],"wp:attachment":[{"href":"https:\/\/emporiodelvino.pe\/index.php?rest_route=%2Fwp%2Fv2%2Fmedia&parent=3"}],"curies":[{"name":"wp","href":"https:\/\/api.w.org\/{rel}","templated":true}]}}