{"id":574,"date":"2023-09-18T10:36:11","date_gmt":"2023-09-18T15:36:11","guid":{"rendered":"https:\/\/emporiodelvino.pe\/?page_id=574"},"modified":"2023-09-18T11:32:58","modified_gmt":"2023-09-18T16:32:58","slug":"politicas-de-seguridad","status":"publish","type":"page","link":"https:\/\/emporiodelvino.pe\/?page_id=574","title":{"rendered":"POLITICAS DE SEGURIDAD"},"content":{"rendered":"\t\t<div data-elementor-type=\"wp-page\" data-elementor-id=\"574\" class=\"elementor elementor-574\" data-elementor-post-type=\"page\">\n\t\t\t\t\t\t<section class=\"elementor-section elementor-top-section elementor-element elementor-element-c49160a elementor-section-height-min-height elementor-section-boxed elementor-section-height-default elementor-section-items-middle\" data-id=\"c49160a\" data-element_type=\"section\" data-settings=\"{&quot;background_background&quot;:&quot;gradient&quot;}\">\n\t\t\t\t\t\t\t<div class=\"elementor-background-overlay\"><\/div>\n\t\t\t\t\t\t\t<div class=\"elementor-container elementor-column-gap-default\">\n\t\t\t\t\t<div class=\"elementor-column elementor-col-100 elementor-top-column elementor-element elementor-element-50e1ecf2\" data-id=\"50e1ecf2\" data-element_type=\"column\">\n\t\t\t<div class=\"elementor-widget-wrap elementor-element-populated\">\n\t\t\t\t\t\t\t<\/div>\n\t\t<\/div>\n\t\t\t\t\t<\/div>\n\t\t<\/section>\n\t\t\t\t<section class=\"elementor-section elementor-top-section elementor-element elementor-element-7005ef94 elementor-section-boxed elementor-section-height-default elementor-section-height-default\" data-id=\"7005ef94\" data-element_type=\"section\">\n\t\t\t\t\t\t<div class=\"elementor-container elementor-column-gap-default\">\n\t\t\t\t\t<div class=\"elementor-column elementor-col-100 elementor-top-column elementor-element elementor-element-1c06b52a\" data-id=\"1c06b52a\" data-element_type=\"column\">\n\t\t\t<div class=\"elementor-widget-wrap elementor-element-populated\">\n\t\t\t\t\t\t\t<\/div>\n\t\t<\/div>\n\t\t\t\t\t<\/div>\n\t\t<\/section>\n\t\t\t\t<section class=\"elementor-section elementor-top-section elementor-element elementor-element-1071296 elementor-section-boxed elementor-section-height-default elementor-section-height-default\" data-id=\"1071296\" data-element_type=\"section\">\n\t\t\t\t\t\t<div class=\"elementor-container elementor-column-gap-default\">\n\t\t\t\t\t<div class=\"elementor-column elementor-col-100 elementor-top-column elementor-element elementor-element-2c513e7\" data-id=\"2c513e7\" data-element_type=\"column\">\n\t\t\t<div class=\"elementor-widget-wrap elementor-element-populated\">\n\t\t\t\t\t\t<div class=\"elementor-element elementor-element-cfff35b elementor-widget elementor-widget-text-editor\" data-id=\"cfff35b\" data-element_type=\"widget\" data-widget_type=\"text-editor.default\">\n\t\t\t\t<div class=\"elementor-widget-container\">\n\t\t\t\t\t\t\t\t\t<p style=\"text-align: center;\"><strong>\u00daltima actualizaci\u00f3n: [18-09-2023]<\/strong><\/p><p style=\"text-align: center;\">En \u00abEmporio del Vino\u00bb, nos tomamos muy en serio la seguridad de nuestros usuarios y la protecci\u00f3n de sus datos personales. Estas pol\u00edticas de seguridad describen las medidas que hemos implementado para garantizar un entorno en l\u00ednea seguro y proteger la informaci\u00f3n de nuestros clientes. Al utilizar nuestro sitio web, aceptas estas pol\u00edticas de seguridad.<\/p><p style=\"text-align: center;\"><strong>1. Recopilaci\u00f3n de Datos Personales<\/strong><\/p><p style=\"text-align: center;\">Recopilamos informaci\u00f3n personal de nuestros usuarios solo cuando es necesario para brindar nuestros servicios y mejorar la experiencia del usuario. Los datos recopilados se utilizan \u00fanicamente para los fines para los cuales se proporcionaron y se almacenan de manera segura.<\/p><p style=\"text-align: center;\"><strong>2. Protecci\u00f3n de Datos<\/strong><\/p><p style=\"text-align: center;\">Utilizamos medidas de seguridad t\u00e9cnicas, administrativas y f\u00edsicas para proteger los datos personales de nuestros usuarios. Esto incluye la encriptaci\u00f3n de datos, el acceso restringido a la informaci\u00f3n y la capacitaci\u00f3n regular de nuestro personal en seguridad de datos.<\/p><p style=\"text-align: center;\"><strong>3. Uso de Cookies<\/strong><\/p><p style=\"text-align: center;\">Nuestro sitio web utiliza cookies para mejorar la experiencia del usuario. Estas cookies se utilizan con fines de an\u00e1lisis y seguimiento, y no recopilamos informaci\u00f3n personal sin el consentimiento del usuario. Puedes gestionar las preferencias de cookies en la configuraci\u00f3n de tu navegador.<\/p><p style=\"text-align: center;\"><strong>4. Comunicaciones Seguras<\/strong><\/p><p style=\"text-align: center;\">Todas las comunicaciones entre el usuario y nuestro sitio web se realizan a trav\u00e9s de conexiones seguras (HTTPS). Esto garantiza la confidencialidad y la integridad de los datos transmitidos.<\/p><p style=\"text-align: center;\"><strong>5. Acceso a Terceros<\/strong><\/p><p style=\"text-align: center;\">No compartimos informaci\u00f3n personal con terceros sin el consentimiento expreso del usuario, excepto cuando sea necesario para cumplir con las leyes aplicables o para brindar nuestros servicios de manera efectiva (por ejemplo, con procesadores de pagos).<\/p><p style=\"text-align: center;\"><strong>6. Actualizaci\u00f3n de Datos Personales<\/strong><\/p><p style=\"text-align: center;\">Los usuarios tienen derecho a acceder, corregir o eliminar sus datos personales almacenados en nuestro sitio web. Para hacerlo, comun\u00edquese con nuestro equipo de soporte.<\/p><p style=\"text-align: center;\"><strong>7. Notificaci\u00f3n de Brechas de Seguridad<\/strong><\/p><p style=\"text-align: center;\">En caso de una brecha de seguridad que afecte la informaci\u00f3n del usuario, notificaremos a los usuarios afectados de manera oportuna y tomaremos medidas para remediar la situaci\u00f3n.<\/p><p style=\"text-align: center;\"><strong>8. Cumplimiento Legal<\/strong><\/p><p style=\"text-align: center;\">Cumplimos con todas las leyes y regulaciones de privacidad de datos aplicables y cooperamos con las autoridades reguladoras cuando sea necesario.<\/p><p style=\"text-align: center;\"><strong>9. Cambios en las Pol\u00edticas de Seguridad<\/strong><\/p><p style=\"text-align: center;\">Nos reservamos el derecho de actualizar estas pol\u00edticas de seguridad en cualquier momento. Se notificar\u00e1n los cambios significativos a los usuarios.<\/p><p style=\"text-align: center;\"><strong>10. Contacto<\/strong><\/p><p style=\"text-align: center;\">Si tienes alguna pregunta o inquietud relacionada con la seguridad de datos en \u00abEmporio del Vino\u00bb, cont\u00e1ctanos a trav\u00e9s de<\/p><p style=\"text-align: center;\">alex@emporiodelvino.pe. Telf. 958 209 161 |\u00a0 949 387 039.\u00a0<\/p><p style=\"text-align: center;\">Av. General Recavarren 1625 Dpto. 401 &#8211; Urb. Limatambo, Surquillo (Alt. de la Cdra. 7 de la Av. Arambur\u00fa)<\/p>\t\t\t\t\t\t\t\t<\/div>\n\t\t\t\t<\/div>\n\t\t\t\t\t<\/div>\n\t\t<\/div>\n\t\t\t\t\t<\/div>\n\t\t<\/section>\n\t\t\t\t<\/div>\n\t\t","protected":false},"excerpt":{"rendered":"<p>\u00daltima actualizaci\u00f3n: [18-09-2023] En \u00abEmporio del Vino\u00bb, nos tomamos muy en serio la seguridad de nuestros usuarios y la protecci\u00f3n de sus datos personales. Estas pol\u00edticas de seguridad describen las medidas que hemos implementado para garantizar un entorno en l\u00ednea seguro y proteger la informaci\u00f3n de nuestros clientes. Al utilizar nuestro sitio web, aceptas estas [&hellip;]<\/p>\n","protected":false},"author":1,"featured_media":0,"parent":0,"menu_order":0,"comment_status":"closed","ping_status":"closed","template":"elementor_header_footer","meta":{"footnotes":""},"class_list":["post-574","page","type-page","status-publish","hentry"],"_links":{"self":[{"href":"https:\/\/emporiodelvino.pe\/index.php?rest_route=\/wp\/v2\/pages\/574","targetHints":{"allow":["GET"]}}],"collection":[{"href":"https:\/\/emporiodelvino.pe\/index.php?rest_route=\/wp\/v2\/pages"}],"about":[{"href":"https:\/\/emporiodelvino.pe\/index.php?rest_route=\/wp\/v2\/types\/page"}],"author":[{"embeddable":true,"href":"https:\/\/emporiodelvino.pe\/index.php?rest_route=\/wp\/v2\/users\/1"}],"replies":[{"embeddable":true,"href":"https:\/\/emporiodelvino.pe\/index.php?rest_route=%2Fwp%2Fv2%2Fcomments&post=574"}],"version-history":[{"count":19,"href":"https:\/\/emporiodelvino.pe\/index.php?rest_route=\/wp\/v2\/pages\/574\/revisions"}],"predecessor-version":[{"id":605,"href":"https:\/\/emporiodelvino.pe\/index.php?rest_route=\/wp\/v2\/pages\/574\/revisions\/605"}],"wp:attachment":[{"href":"https:\/\/emporiodelvino.pe\/index.php?rest_route=%2Fwp%2Fv2%2Fmedia&parent=574"}],"curies":[{"name":"wp","href":"https:\/\/api.w.org\/{rel}","templated":true}]}}