{"id":362,"date":"2023-08-24T23:52:09","date_gmt":"2023-08-24T21:52:09","guid":{"rendered":"https:\/\/emporiodelvino.pe\/?post_type=product&#038;p=362"},"modified":"2025-11-17T00:49:35","modified_gmt":"2025-11-17T05:49:35","slug":"dile-blanco","status":"publish","type":"product","link":"https:\/\/emporiodelvino.pe\/?product=dile-blanco","title":{"rendered":"DILE&#8217; &#8211; CHARDONNAY"},"content":{"rendered":"<h6>DILE\u00b4 en dialecto Piamont\u00e9s ,Regi\u00f3n de ITALIA , significa \u00abimpresi\u00f3n\u00bb, una definici\u00f3n que identifica un signo profundo, \u00fanico e<br \/>\nidentificable. la huella de una mano o un dedo es una marca inconfundible. cada vino tiene su propia \u00abtarjeta de identidad\u00bb que<br \/>\nproporciona informaci\u00f3n sobre el vi\u00f1edo, las uvas y el proceso de elaboraci\u00f3n del vino. el resultado es el \u00abDil\u00e9\u00bb del bodeguero,<br \/>\nla imagen de su bodega y su filosof\u00eda.<\/h6>\n<h6>DILE\u00b4 CHARDONNAY;\u00a0 Vino blanco de color amarillo dorado, el perfume comienza con notas de fruta con aromas ex\u00f3ticos y florales.<br \/>\nEl gusto afrutado que acompa\u00f1a con una fragancia y frescura \u00fanica, perfecto como aperitivo, acompa\u00f1a con excelentes platos<br \/>\na base de pescado, mariscos y toda la comida. Servir fresco a la temperatura de 6 &#8211; 8 \u00b0 C para apreciar en su totalidad<br \/>\ntodas sus caracter\u00edsticas.<\/h6>\n<h6>Tipo: Vino Blanco Joven.<br \/>\nUva: Chardonnay.<br \/>\nCapacidad: 750 ml<br \/>\nGraduaci\u00f3n: 12.5 %Vol.<br \/>\nPa\u00eds de Origen: ITALIA<\/h6>\n","protected":false},"excerpt":{"rendered":"<p>VINO BLANCO<\/p>\n","protected":false},"featured_media":722,"template":"","meta":[],"product_brand":[],"product_cat":[28],"product_tag":[],"class_list":{"0":"post-362","1":"product","2":"type-product","3":"status-publish","4":"has-post-thumbnail","6":"product_cat-dile","8":"first","9":"instock","10":"shipping-taxable","11":"purchasable","12":"product-type-simple"},"_links":{"self":[{"href":"https:\/\/emporiodelvino.pe\/index.php?rest_route=\/wp\/v2\/product\/362","targetHints":{"allow":["GET"]}}],"collection":[{"href":"https:\/\/emporiodelvino.pe\/index.php?rest_route=\/wp\/v2\/product"}],"about":[{"href":"https:\/\/emporiodelvino.pe\/index.php?rest_route=\/wp\/v2\/types\/product"}],"wp:featuredmedia":[{"embeddable":true,"href":"https:\/\/emporiodelvino.pe\/index.php?rest_route=\/wp\/v2\/media\/722"}],"wp:attachment":[{"href":"https:\/\/emporiodelvino.pe\/index.php?rest_route=%2Fwp%2Fv2%2Fmedia&parent=362"}],"wp:term":[{"taxonomy":"product_brand","embeddable":true,"href":"https:\/\/emporiodelvino.pe\/index.php?rest_route=%2Fwp%2Fv2%2Fproduct_brand&post=362"},{"taxonomy":"product_cat","embeddable":true,"href":"https:\/\/emporiodelvino.pe\/index.php?rest_route=%2Fwp%2Fv2%2Fproduct_cat&post=362"},{"taxonomy":"product_tag","embeddable":true,"href":"https:\/\/emporiodelvino.pe\/index.php?rest_route=%2Fwp%2Fv2%2Fproduct_tag&post=362"}],"curies":[{"name":"wp","href":"https:\/\/api.w.org\/{rel}","templated":true}]}}