{"id":394,"date":"2023-08-25T06:39:01","date_gmt":"2023-08-25T04:39:01","guid":{"rendered":"https:\/\/emporiodelvino.pe\/?post_type=product&#038;p=394"},"modified":"2025-11-17T00:41:45","modified_gmt":"2025-11-17T05:41:45","slug":"riondo-pinot-grigio","status":"publish","type":"product","link":"https:\/\/emporiodelvino.pe\/?product=riondo-pinot-grigio","title":{"rendered":"RIONDO &#8211; PINOT GRIGIO DELLA VENEZIA D.O.C"},"content":{"rendered":"<p>Riondo Pinot Grigio: vino hermoso, con cuerpo pero tambi\u00e9n afrutado de Pinot Grigio. Con hermosos aromas de c\u00edtricos, pi\u00f1a, pomelo y tambi\u00e9n agradables toques especiados de salvia. Una estructura seca, suave y un sabor refrescante.<\/p>\n<p>&nbsp;<\/p>\n<table class=\"table\">\n<tbody>\n<tr>\n<td class=\"ComparisonTitle\">Nombre<\/td>\n<td class=\"ComparisonText\">RIONDO PINOT GRIGIO<\/td>\n<\/tr>\n<tr id=\"RootLayout_PageLayout_TopZone_Frame3009_Module3009_repData_ctl00_trTipo\">\n<td class=\"ComparisonTitle\">Tipo<\/td>\n<td class=\"ComparisonText\"><span class=\"xwhighlight\" data-hasqtip=\"6\">Blanco<\/span>\u00a0ecol\u00f3gico\u00a0<span class=\"xwhighlight\" data-hasqtip=\"7\">tranquilo<\/span><\/td>\n<\/tr>\n<tr id=\"RootLayout_PageLayout_TopZone_Frame3009_Module3009_repData_ctl00_trClassificazione\">\n<td class=\"ComparisonTitle\">Clasificaci\u00f3n<\/td>\n<td class=\"ComparisonText\"><a href=\"https:\/\/www.xtrawine.com\/es\/vinos\/delle-venezie-doc\/5551\">\u00a0Pinot Grigio delle Venezie DOC<\/a><\/td>\n<\/tr>\n<tr id=\"RootLayout_PageLayout_TopZone_Frame3009_Module3009_repData_ctl00_trYear\">\n<td class=\"ComparisonTitle\">Cepa<\/td>\n<td class=\"ComparisonText\">100% Pinot Grigio<\/td>\n<\/tr>\n<tr>\n<td class=\"ComparisonTitle\">Formato<\/td>\n<td class=\"ComparisonText\">750ml<\/td>\n<\/tr>\n<tr id=\"RootLayout_PageLayout_TopZone_Frame3009_Module3009_repData_ctl00_trGradoAlcol\">\n<td class=\"ComparisonTitle\"><span class=\"xwhighlight\" data-hasqtip=\"8\">Grado<\/span>\u00a0alcoh\u00f3lico<\/td>\n<td class=\"ComparisonText\">12,50% en\u00a0<span class=\"xwhighlight\" data-hasqtip=\"9\">volumen<\/span><\/td>\n<\/tr>\n<tr id=\"RootLayout_PageLayout_TopZone_Frame3009_Module3009_repData_ctl00_trVitigni\">\n<td class=\"ComparisonTitle\">Servir<\/td>\n<td class=\"ComparisonText\">6-8\u00b0C<\/td>\n<\/tr>\n<\/tbody>\n<\/table>\n","protected":false},"excerpt":{"rendered":"<p>VINO BLANCO<\/p>\n","protected":false},"featured_media":727,"template":"","meta":[],"product_brand":[],"product_cat":[30],"product_tag":[],"class_list":{"0":"post-394","1":"product","2":"type-product","3":"status-publish","4":"has-post-thumbnail","6":"product_cat-riondo","8":"first","9":"instock","10":"shipping-taxable","11":"purchasable","12":"product-type-simple"},"_links":{"self":[{"href":"https:\/\/emporiodelvino.pe\/index.php?rest_route=\/wp\/v2\/product\/394","targetHints":{"allow":["GET"]}}],"collection":[{"href":"https:\/\/emporiodelvino.pe\/index.php?rest_route=\/wp\/v2\/product"}],"about":[{"href":"https:\/\/emporiodelvino.pe\/index.php?rest_route=\/wp\/v2\/types\/product"}],"wp:featuredmedia":[{"embeddable":true,"href":"https:\/\/emporiodelvino.pe\/index.php?rest_route=\/wp\/v2\/media\/727"}],"wp:attachment":[{"href":"https:\/\/emporiodelvino.pe\/index.php?rest_route=%2Fwp%2Fv2%2Fmedia&parent=394"}],"wp:term":[{"taxonomy":"product_brand","embeddable":true,"href":"https:\/\/emporiodelvino.pe\/index.php?rest_route=%2Fwp%2Fv2%2Fproduct_brand&post=394"},{"taxonomy":"product_cat","embeddable":true,"href":"https:\/\/emporiodelvino.pe\/index.php?rest_route=%2Fwp%2Fv2%2Fproduct_cat&post=394"},{"taxonomy":"product_tag","embeddable":true,"href":"https:\/\/emporiodelvino.pe\/index.php?rest_route=%2Fwp%2Fv2%2Fproduct_tag&post=394"}],"curies":[{"name":"wp","href":"https:\/\/api.w.org\/{rel}","templated":true}]}}