{"id":776,"date":"2025-11-13T01:59:42","date_gmt":"2025-11-13T06:59:42","guid":{"rendered":"https:\/\/emporiodelvino.pe\/?post_type=product&#038;p=776"},"modified":"2026-01-03T01:12:41","modified_gmt":"2026-01-03T06:12:41","slug":"sartori-amarone-della-valpolicella-docg-2017","status":"publish","type":"product","link":"https:\/\/emporiodelvino.pe\/?product=sartori-amarone-della-valpolicella-docg-2017","title":{"rendered":"SARTORI -CORTE BRA&#8217;- AMARONE DELLA VALPOLICELLA DOCG RESERVA 2017"},"content":{"rendered":"<div class=\"col-lg-6\">\n<div class=\"item__title-left\" data-speed=\"0.95\" data-lag=\"0\">\n<h5 class=\"light__title italic__title\"><span dir=\"auto\">Zona de producci\u00f3n<\/span><\/h5>\n<\/div>\n<div class=\"item__text\" data-speed=\"0.95\" data-lag=\"0\">\n<p><span dir=\"auto\">Los vi\u00f1edos se encuentran en el coraz\u00f3n monta\u00f1oso de la Valpolicella Classica. Las vides de la finca \u201cCorte Br\u00e0\u201d se cultivan con los sistemas de p\u00e9rgola veronese y guyot y disfrutan de una excelente exposici\u00f3n al sur. El suelo es calc\u00e1reo-arcilloso<\/span><\/p>\n<\/div>\n<\/div>\n<div class=\"col-lg-6\">\n<div class=\"item__title-left\" data-speed=\"0.95\" data-lag=\"0\">\n<h5 class=\"light__title italic__title\"><span dir=\"auto\">Vinificaci\u00f3n<\/span><\/h5>\n<\/div>\n<div class=\"item__text\" data-speed=\"0.95\" data-lag=\"0\">\n<p><span dir=\"auto\">Este vino es el resultado de una cosecha excepcionalmente favorable. Las uvas se cosechan meticulosamente a mano y se colocan en peque\u00f1as cajas, luego se llevan a un gran desv\u00e1n de secado (fruttaio) bien ventilado, donde se dejan marchitar durante aproximadamente tres meses. Durante este per\u00edodo de secado, las uvas contin\u00faan madurando, concentrando az\u00facares, aromas y sabores que definen el car\u00e1cter \u00fanico del Amarone. Despu\u00e9s del proceso de secado, las uvas se despalillan y se prensan suavemente, seguido de una fermentaci\u00f3n con maceraci\u00f3n prolongada con los hollejos. Este paso es crucial para desarrollar la estructura y la complejidad del vino, sellos distintivos de un gran Amarone. Posteriormente, el vino se somete a un largo per\u00edodo de envejecimiento en barricas de roble de tama\u00f1o peque\u00f1o a mediano durante unos cinco a\u00f1os, seguido de una crianza adicional en botella durante varios meses antes de su lanzamiento<\/span><\/p>\n<\/div>\n<\/div>\n<div class=\"col-lg-6\">\n<div class=\"item__title-left\" data-speed=\"0.95\" data-lag=\"0\">\n<h5 class=\"light__title italic__title\"><span dir=\"auto\">Notas de cata<\/span><\/h5>\n<\/div>\n<div class=\"item__text\" data-speed=\"0.95\" data-lag=\"0\">\n<p><span dir=\"auto\">El vino muestra un tono rojo intenso que evoluciona hacia el granate con la crianza. El bouquet es amplio y complejo, con notas de frutos rojos en conserva y especias. Entre los aromas destacados se encuentran la cereza, los frutos secos y toques de tabaco. En boca, este vino revela una personalidad excepcional, marcada por una notable finura y elegancia<\/span><\/p>\n<\/div>\n<\/div>\n<div class=\"col-lg-6\" data-speed=\"0.95\" data-lag=\"0\">\n<div class=\"item__title-left\">\n<h5 class=\"light__title italic__title\"><span dir=\"auto\">Maridajes<\/span><\/h5>\n<\/div>\n<div class=\"item__text\" data-speed=\"0.95\" data-lag=\"0\">\n<p><span dir=\"auto\">Un vino tanto para la gastronom\u00eda como para la contemplaci\u00f3n. Marida maravillosamente con platos de gran sabor, carnes de caza y quesos curados. Tambi\u00e9n se puede encontrar una combinaci\u00f3n sorprendentemente refinada con chocolate negro.<\/span><\/p>\n<div class=\"col-lg-6\">\n<div class=\"item__title-left\" data-speed=\"0.95\" data-lag=\"0\">\n<h5 class=\"light__title italic__title\"><span dir=\"auto\">Uvas<\/span><\/h5>\n<\/div>\n<div class=\"item__text\" data-speed=\"0.95\" data-lag=\"0\">\n<p><span dir=\"auto\">60 % Corvina Veronese \u2013 20 % Corvinone \u2013 15 % Rondinella \u2013 5 % Otras variedades de uva aut\u00f3ctonas<\/span><\/p>\n<\/div>\n<\/div>\n<div class=\"col-lg-6\" data-speed=\"0.95\" data-lag=\"0\">\n<div class=\"item__title-left\">\n<h5 class=\"light__title italic__title\"><span dir=\"auto\">Grado alcoh\u00f3lico<\/span><\/h5>\n<\/div>\n<div class=\"item__text\" data-speed=\"0.95\" data-lag=\"0\">\n<p><span dir=\"auto\">15,5 % vol.<\/span><\/p>\n<\/div>\n<\/div>\n<\/div>\n<\/div>\n","protected":false},"excerpt":{"rendered":"<p>Zona de producci\u00f3n Los vi\u00f1edos se encuentran en el coraz\u00f3n monta\u00f1oso de la Valpolicella Classica. Las vides de la finca \u201cCorte Br\u00e0\u201d se cultivan con los sistemas de p\u00e9rgola veronese y guyot y disfrutan de una excelente exposici\u00f3n al sur. El suelo es calc\u00e1reo-arcilloso Vinificaci\u00f3n Este vino es el resultado de una cosecha excepcionalmente favorable. [&hellip;]<\/p>\n","protected":false},"featured_media":777,"template":"","meta":[],"product_brand":[],"product_cat":[15],"product_tag":[],"class_list":{"0":"post-776","1":"product","2":"type-product","3":"status-publish","4":"has-post-thumbnail","6":"product_cat-uncategorized","8":"first","9":"instock","10":"shipping-taxable","11":"purchasable","12":"product-type-simple"},"_links":{"self":[{"href":"https:\/\/emporiodelvino.pe\/index.php?rest_route=\/wp\/v2\/product\/776","targetHints":{"allow":["GET"]}}],"collection":[{"href":"https:\/\/emporiodelvino.pe\/index.php?rest_route=\/wp\/v2\/product"}],"about":[{"href":"https:\/\/emporiodelvino.pe\/index.php?rest_route=\/wp\/v2\/types\/product"}],"wp:featuredmedia":[{"embeddable":true,"href":"https:\/\/emporiodelvino.pe\/index.php?rest_route=\/wp\/v2\/media\/777"}],"wp:attachment":[{"href":"https:\/\/emporiodelvino.pe\/index.php?rest_route=%2Fwp%2Fv2%2Fmedia&parent=776"}],"wp:term":[{"taxonomy":"product_brand","embeddable":true,"href":"https:\/\/emporiodelvino.pe\/index.php?rest_route=%2Fwp%2Fv2%2Fproduct_brand&post=776"},{"taxonomy":"product_cat","embeddable":true,"href":"https:\/\/emporiodelvino.pe\/index.php?rest_route=%2Fwp%2Fv2%2Fproduct_cat&post=776"},{"taxonomy":"product_tag","embeddable":true,"href":"https:\/\/emporiodelvino.pe\/index.php?rest_route=%2Fwp%2Fv2%2Fproduct_tag&post=776"}],"curies":[{"name":"wp","href":"https:\/\/api.w.org\/{rel}","templated":true}]}}