{"id":778,"date":"2025-11-13T02:07:24","date_gmt":"2025-11-13T07:07:24","guid":{"rendered":"https:\/\/emporiodelvino.pe\/?post_type=product&#038;p=778"},"modified":"2026-01-03T00:52:04","modified_gmt":"2026-01-03T05:52:04","slug":"sartori-valpolicella-ripasso-classico-superiore-doc-2022","status":"publish","type":"product","link":"https:\/\/emporiodelvino.pe\/?product=sartori-valpolicella-ripasso-classico-superiore-doc-2022","title":{"rendered":"SARTORI -REGOLO- VALPOLICELLA RIPASSO CLASSICO SUPERIORE DOC 2022"},"content":{"rendered":"<div class=\"col-lg-6\">\n<div class=\"item__title-left\" data-speed=\"0.95\" data-lag=\"0\">\n<h5 class=\"light__title italic__title\"><span dir=\"auto\">Zona de producci\u00f3n<\/span><\/h5>\n<\/div>\n<div class=\"item__text\" data-speed=\"0.95\" data-lag=\"0\">\n<div class=\"page\" title=\"P\u00e1gina 1\">\n<div class=\"layoutArea\">\n<div class=\"column\">\n<p><span dir=\"auto\">Vi\u00f1edos al noroeste de Verona, una zona de gran vocaci\u00f3n que se extiende alrededor de las localidades de Marano di Valpolicella, San Pietro in Cariano y Negrar di Valpolicella. Aqu\u00ed las vides crecen en suelos arcillo-calc\u00e1reos entre 170 y 250 metros sobre el nivel del mar, principalmente con el sistema de conducci\u00f3n de la P\u00e9rgola Veronese<\/span><\/p>\n<\/div>\n<\/div>\n<\/div>\n<\/div>\n<\/div>\n<div class=\"col-lg-6\">\n<div class=\"item__title-left\" data-speed=\"0.95\" data-lag=\"0\">\n<h5 class=\"light__title italic__title\"><span dir=\"auto\">Vinificaci\u00f3n<\/span><\/h5>\n<\/div>\n<div class=\"item__text\" data-speed=\"0.95\" data-lag=\"0\">\n<div class=\"page\" title=\"P\u00e1gina 1\">\n<div class=\"layoutArea\">\n<div class=\"column\">\n<p><span dir=\"auto\">Una cuidadosa selecci\u00f3n de las uvas, el prensado y el despalillado, seguidos de una fermentaci\u00f3n a temperatura controlada durante unos 8-10 d\u00edas, dan el punto de partida de este vino. La estructura y la longevidad que lo caracterizan son el resultado de la t\u00e9cnica tradicional del \u00abripasso\u00bb, durante la cual el vino se \u00abrepasa\u00bb sobre el orujo de Amarone. Durante esta segunda fermentaci\u00f3n, el vino adquiere parte de las caracter\u00edsticas t\u00edpicas del Amarone. Tras la fermentaci\u00f3n malol\u00e1ctica, comienza un per\u00edodo de crianza de unos 2 a\u00f1os en barricas medianas y grandes. Tras el embotellado, el vino envejece durante al menos 6 meses en botella<\/span><\/p>\n<\/div>\n<\/div>\n<\/div>\n<\/div>\n<\/div>\n<div class=\"col-lg-6\">\n<div class=\"item__title-left\" data-speed=\"0.95\" data-lag=\"0\">\n<h5 class=\"light__title italic__title\"><span dir=\"auto\">Notas de cata<\/span><\/h5>\n<\/div>\n<div class=\"item__text\" data-speed=\"0.95\" data-lag=\"0\">\n<div class=\"page\" title=\"P\u00e1gina 1\">\n<div class=\"layoutArea\">\n<div class=\"column\">\n<p><span dir=\"auto\">Vino tinto granate brillante, aroma intenso y persistente, sabor seco y aterciopelado con toques de cereza y peque\u00f1os frutos rojos. Cuerpo rico, ligeramente t\u00e1nico y muy armonioso<\/span><\/p>\n<\/div>\n<\/div>\n<\/div>\n<\/div>\n<\/div>\n<div class=\"col-lg-6\" data-speed=\"0.95\" data-lag=\"0\">\n<div class=\"item__title-left\">\n<h5 class=\"light__title italic__title\"><span dir=\"auto\">Maridajes<\/span><\/h5>\n<\/div>\n<div class=\"item__text\" data-speed=\"0.95\" data-lag=\"0\">\n<div class=\"page\" title=\"P\u00e1gina 1\">\n<div class=\"layoutArea\">\n<div class=\"column\">\n<p><span dir=\"auto\">Combina perfectamente con pasta , carnes asadas y queso curado.<\/span><\/p>\n<\/div>\n<\/div>\n<\/div>\n<\/div>\n<\/div>\n<div class=\"col-lg-6\">\n<div class=\"item__title-left\" data-speed=\"0.95\" data-lag=\"0\">\n<h5 class=\"light__title italic__title\"><span dir=\"auto\">Uvas<\/span><\/h5>\n<\/div>\n<div class=\"item__text\" data-speed=\"0.95\" data-lag=\"0\">\n<p><span dir=\"auto\">60 % Corvina Veronese<\/span><br \/>\n<span dir=\"auto\">25 % Corvinone<\/span><br \/>\n<span dir=\"auto\">15 % Rondinella<\/span><\/p>\n<\/div>\n<\/div>\n<div class=\"col-lg-6\" data-speed=\"0.95\" data-lag=\"0\">\n<div class=\"item__title-left\">\n<h5 class=\"light__title italic__title\"><span dir=\"auto\">Grado alcoh\u00f3lico<\/span><\/h5>\n<\/div>\n<div class=\"item__text\" data-speed=\"0.95\" data-lag=\"0\">\n<p><span dir=\"auto\">14 % vol.<\/span><\/p>\n<\/div>\n<\/div>\n","protected":false},"excerpt":{"rendered":"<p>Zona de producci\u00f3n Vi\u00f1edos al noroeste de Verona, una zona de gran vocaci\u00f3n que se extiende alrededor de las localidades de Marano di Valpolicella, San Pietro in Cariano y Negrar di Valpolicella. Aqu\u00ed las vides crecen en suelos arcillo-calc\u00e1reos entre 170 y 250 metros sobre el nivel del mar, principalmente con el sistema de conducci\u00f3n [&hellip;]<\/p>\n","protected":false},"featured_media":779,"template":"","meta":[],"product_brand":[],"product_cat":[15],"product_tag":[],"class_list":{"0":"post-778","1":"product","2":"type-product","3":"status-publish","4":"has-post-thumbnail","6":"product_cat-uncategorized","8":"first","9":"instock","10":"shipping-taxable","11":"purchasable","12":"product-type-simple"},"_links":{"self":[{"href":"https:\/\/emporiodelvino.pe\/index.php?rest_route=\/wp\/v2\/product\/778","targetHints":{"allow":["GET"]}}],"collection":[{"href":"https:\/\/emporiodelvino.pe\/index.php?rest_route=\/wp\/v2\/product"}],"about":[{"href":"https:\/\/emporiodelvino.pe\/index.php?rest_route=\/wp\/v2\/types\/product"}],"wp:featuredmedia":[{"embeddable":true,"href":"https:\/\/emporiodelvino.pe\/index.php?rest_route=\/wp\/v2\/media\/779"}],"wp:attachment":[{"href":"https:\/\/emporiodelvino.pe\/index.php?rest_route=%2Fwp%2Fv2%2Fmedia&parent=778"}],"wp:term":[{"taxonomy":"product_brand","embeddable":true,"href":"https:\/\/emporiodelvino.pe\/index.php?rest_route=%2Fwp%2Fv2%2Fproduct_brand&post=778"},{"taxonomy":"product_cat","embeddable":true,"href":"https:\/\/emporiodelvino.pe\/index.php?rest_route=%2Fwp%2Fv2%2Fproduct_cat&post=778"},{"taxonomy":"product_tag","embeddable":true,"href":"https:\/\/emporiodelvino.pe\/index.php?rest_route=%2Fwp%2Fv2%2Fproduct_tag&post=778"}],"curies":[{"name":"wp","href":"https:\/\/api.w.org\/{rel}","templated":true}]}}