{"id":802,"date":"2025-11-16T10:18:22","date_gmt":"2025-11-16T15:18:22","guid":{"rendered":"https:\/\/emporiodelvino.pe\/?post_type=product&#038;p=802"},"modified":"2025-11-18T01:02:11","modified_gmt":"2025-11-18T06:02:11","slug":"franco-rizzello-nero-di-troia-igp-puglia-2018","status":"publish","type":"product","link":"https:\/\/emporiodelvino.pe\/?product=franco-rizzello-nero-di-troia-igp-puglia-2018","title":{"rendered":"FRANCO RIZZELLO &#8211; NERO DI TROIA IGP PUGLIA 2018"},"content":{"rendered":"<p>Brilla con matices rojo rub\u00ed y bermell\u00f3n.<br \/>\nComplejo en aromas. El flujo violeta y la<br \/>\nfruta de la cereza \u00e1cida, la cereza negra y los peque\u00f1os frutos rojos son intensos.<br \/>\nLuego Boero, especias picantes y caf\u00e9, regaliz y quina.<br \/>\nLa fruta en alcohol, el chocolate y<br \/>\nlas especias vuelven a su sabor. Taninos importantes y frescura equilibran<br \/>\nel sabor, suave y envolvente.<br \/>\nEl final es largo y bals\u00e1mico.<\/p>\n<p>Clasificaci\u00f3n: Puglia I.G.P. Nero di Troia.<br \/>\nUvas: Nero di Troia en pureza 100%.<br \/>\nZona de producci\u00f3n: Provincia de Foggia.<br \/>\nVinificaci\u00f3n: Las uvas descamadas y trituradas fermentan con las levaduras presentes en las<br \/>\npieles en tanques de acero durante unos<br \/>\n20-25 d\u00edas. Se envejece sobre las leixas en barricas de roble<br \/>\nde 225 Lt durante 12 meses.<br \/>\nAcabado: Acero inoxidable &#8211; Barrique.<br \/>\nTemperatura de servicio: 18 \u00b0C.<\/p>\n","protected":false},"excerpt":{"rendered":"<p>Brilla con matices rojo rub\u00ed y bermell\u00f3n. Complejo en aromas. El flujo violeta y la fruta de la cereza \u00e1cida, la cereza negra y los peque\u00f1os frutos rojos son intensos. Luego Boero, especias picantes y caf\u00e9, regaliz y quina. La fruta en alcohol, el chocolate y las especias vuelven a su sabor. Taninos importantes y [&hellip;]<\/p>\n","protected":false},"featured_media":803,"template":"","meta":[],"product_brand":[],"product_cat":[15],"product_tag":[],"class_list":{"0":"post-802","1":"product","2":"type-product","3":"status-publish","4":"has-post-thumbnail","6":"product_cat-uncategorized","8":"first","9":"instock","10":"shipping-taxable","11":"purchasable","12":"product-type-simple"},"_links":{"self":[{"href":"https:\/\/emporiodelvino.pe\/index.php?rest_route=\/wp\/v2\/product\/802","targetHints":{"allow":["GET"]}}],"collection":[{"href":"https:\/\/emporiodelvino.pe\/index.php?rest_route=\/wp\/v2\/product"}],"about":[{"href":"https:\/\/emporiodelvino.pe\/index.php?rest_route=\/wp\/v2\/types\/product"}],"wp:featuredmedia":[{"embeddable":true,"href":"https:\/\/emporiodelvino.pe\/index.php?rest_route=\/wp\/v2\/media\/803"}],"wp:attachment":[{"href":"https:\/\/emporiodelvino.pe\/index.php?rest_route=%2Fwp%2Fv2%2Fmedia&parent=802"}],"wp:term":[{"taxonomy":"product_brand","embeddable":true,"href":"https:\/\/emporiodelvino.pe\/index.php?rest_route=%2Fwp%2Fv2%2Fproduct_brand&post=802"},{"taxonomy":"product_cat","embeddable":true,"href":"https:\/\/emporiodelvino.pe\/index.php?rest_route=%2Fwp%2Fv2%2Fproduct_cat&post=802"},{"taxonomy":"product_tag","embeddable":true,"href":"https:\/\/emporiodelvino.pe\/index.php?rest_route=%2Fwp%2Fv2%2Fproduct_tag&post=802"}],"curies":[{"name":"wp","href":"https:\/\/api.w.org\/{rel}","templated":true}]}}